{"id":960,"date":"2026-03-04T00:34:26","date_gmt":"2026-03-04T00:34:26","guid":{"rendered":"https:\/\/behappy.click\/?post_type=product&#038;p=960"},"modified":"2026-03-04T00:34:26","modified_gmt":"2026-03-04T00:34:26","slug":"tendeuse-t9-oroginal","status":"publish","type":"product","link":"https:\/\/behappy.click\/ar\/product\/tendeuse-t9-oroginal\/","title":{"rendered":"tendeuse t9 oroginal"},"content":{"rendered":"<p>Look Vintage Robuste : La tondeuse est fabriqu\u00e9e en m\u00e9tal robuste avec une \u00e9l\u00e9gante finition dor\u00e9e. Son design r\u00e9tro en fait un objet \u00e0 la fois performant et esth\u00e9tique.<br \/>\nLames de Haute Pr\u00e9cision : \u00c9quip\u00e9e de lames en acier inoxydable, elle assure une coupe pr\u00e9cise et rapide. Id\u00e9ale pour cr\u00e9er des lignes parfaites et des motifs.<br \/>\nPuissance Optimale : Le moteur d\u00e9livre une puissance de 5 W. Il est suffisamment puissant pour tous les types de cheveux.<br \/>\nAutonomie Longue Dur\u00e9e : La batterie de 1200 mAh offre jusqu\u2019\u00e0 180 minutes (3 heures) d\u2019autonomie.<br \/>\nRecharge Rapide : L\u2019appareil est compl\u00e8tement charg\u00e9 en seulement 2,5 heures.<br \/>\nSans Fil : Profitez d\u2019une libert\u00e9 de mouvement totale pour une utilisation professionnelle ou domestique.<br \/>\nEntretien Facile : La tondeuse est lavable. Vous la nettoyez facilement pour une hygi\u00e8ne optimale.<br \/>\n<a href=\"https:\/\/behappy.click\/wp-content\/uploads\/2026\/03\/T3.webp\"><img fetchpriority=\"high\" decoding=\"async\" src=\"https:\/\/behappy.click\/wp-content\/uploads\/2026\/03\/T3-300x300.webp\" alt=\"tendeuse t9 oroginal\" width=\"300\" height=\"300\" class=\"alignnone size-medium wp-image-961\" title=\"tendeuse t9 oroginal\" srcset=\"https:\/\/behappy.click\/wp-content\/uploads\/2026\/03\/T3-300x300.webp 300w, https:\/\/behappy.click\/wp-content\/uploads\/2026\/03\/T3-150x150.webp 150w, https:\/\/behappy.click\/wp-content\/uploads\/2026\/03\/T3-12x12.webp 12w, https:\/\/behappy.click\/wp-content\/uploads\/2026\/03\/T3-24x24.webp 24w, https:\/\/behappy.click\/wp-content\/uploads\/2026\/03\/T3-36x36.webp 36w, https:\/\/behappy.click\/wp-content\/uploads\/2026\/03\/T3-48x48.webp 48w, https:\/\/behappy.click\/wp-content\/uploads\/2026\/03\/T3-500x500.webp 500w, https:\/\/behappy.click\/wp-content\/uploads\/2026\/03\/T3-100x100.webp 100w, https:\/\/behappy.click\/wp-content\/uploads\/2026\/03\/T3.webp 600w\" sizes=\"(max-width: 300px) 100vw, 300px\" \/><\/a><\/p>","protected":false},"excerpt":{"rendered":"<p>\u0646\u062d\u0627\u0633 \u2705 \u062d\u0644 \u0648 \u0634\u0648\u0641 \u0642\u0628\u0644 \u0645\u0627\u062a\u062e\u0644\u0635 \ud83d\ude09<br \/>\n\u0628\u0633\u0645 \u0627\u0644\u0644\u0647 \u062a\u0648\u0643\u0644\u0646\u0627 \u0639\u0644\u0649 \u0627\u0644\u0644\u0647 \u2764\ufe0f\u0627\u0644\u0641\u0631\u0635\u0629 \u062c\u0627\u062a \u0644\u064a\u0648\u0645  \u0627\u062e\u0644\u0637 \u062e\u0648\u0630 \u0628\u0627\u064a\u0643 \u0645\u0646Vintage  T9 . \u2705\u0645\u0643\u064a\u0646\u0629 \u0627\u0644\u062d\u0644\u0627\u0642\u0629 \u0627\u0644\u0639\u0635\u0631\u064a\u0629 \u0627\u0644\u064a \u062a\u062a\u0645\u064a\u0632\ud83d\ude0f:<br \/>\n_\u0628\u0637\u0627\u0631\u064a\u0629 \u062a\u0643\u0641\u064a \u0644\u0633\u0627\u0639\u062a\u064a\u0646 \u0645\u062a\u0648\u0627\u0635\u0644\u064a\u0646 \u0645\u0646 \u0627\u0633\u062a\u0639\u0645\u0627\u0644\ud83d\udd0b<br \/>\n_\u0627\u0644\u0633\u0631\u0639\u0629 \u0641\u064a \u0627\u0644\u062d\u0644\u0627\u0642\u0629 \ud83d\udd25<br \/>\n_\u0627\u0642\u062a\u0635\u0627\u062f\u064a\u0629 \u062a\u0648\u0641\u0631 \u0639\u0644\u064a\u0643 \u0628\u0631\u0634\u0627 \u0641\u0644\u0648\u0633 \u26a1 \ud83d\udcb2<br \/>\n_\u0627\u0644\u0633\u0631\u0639\u0629 \u0641\u064a \u0627\u0644\u0634\u062d\u0646 \u2705 \u0647\u0630\u0627 \u0644\u0643\u0644 \u0628 16 \u0648\u0627\u0644\u062a\u0648\u0635\u064a\u0644 7\u062f \u0644\u0643\u0627\u0645\u0644 \u062a\u0631\u0627\u0628 \u0627\u0644\u062c\u0645\u0647\u0648\u0631\u064a\u0629 \u0645\u0646 24 \u0633\u0627\u0639\u0629 \u0625\u0644\u0649 48 \u0633\u0627\u0639\u0629\ud83d\udd5b<br \/>\n\u0645\u0627\u0644\u0627 \u0641\u0627\u0634 \u062a\u0633\u062a\u0646\u0627 \u0628\u0634 \u062a\u0639\u062f\u064a \u0645\u0639\u0646\u0627 \u0643\u0648\u0645\u0648\u0646\u062f<\/p>","protected":false},"featured_media":962,"comment_status":"open","ping_status":"closed","template":"","meta":[],"product_brand":[],"product_cat":[22,36,21],"product_tag":[],"class_list":{"0":"post-960","1":"product","2":"type-product","3":"status-publish","4":"has-post-thumbnail","6":"product_cat-men","7":"product_cat-smart-tech","8":"product_cat-women","9":"product_shipping_class-paye","11":"first","12":"instock","13":"taxable","14":"shipping-taxable","15":"purchasable","16":"product-type-simple"},"_links":{"self":[{"href":"https:\/\/behappy.click\/ar\/wp-json\/wp\/v2\/product\/960","targetHints":{"allow":["GET"]}}],"collection":[{"href":"https:\/\/behappy.click\/ar\/wp-json\/wp\/v2\/product"}],"about":[{"href":"https:\/\/behappy.click\/ar\/wp-json\/wp\/v2\/types\/product"}],"replies":[{"embeddable":true,"href":"https:\/\/behappy.click\/ar\/wp-json\/wp\/v2\/comments?post=960"}],"wp:featuredmedia":[{"embeddable":true,"href":"https:\/\/behappy.click\/ar\/wp-json\/wp\/v2\/media\/962"}],"wp:attachment":[{"href":"https:\/\/behappy.click\/ar\/wp-json\/wp\/v2\/media?parent=960"}],"wp:term":[{"taxonomy":"product_brand","embeddable":true,"href":"https:\/\/behappy.click\/ar\/wp-json\/wp\/v2\/product_brand?post=960"},{"taxonomy":"product_cat","embeddable":true,"href":"https:\/\/behappy.click\/ar\/wp-json\/wp\/v2\/product_cat?post=960"},{"taxonomy":"product_tag","embeddable":true,"href":"https:\/\/behappy.click\/ar\/wp-json\/wp\/v2\/product_tag?post=960"}],"curies":[{"name":"wp","href":"https:\/\/api.w.org\/{rel}","templated":true}]}}