{"id":981,"date":"2026-03-05T09:42:13","date_gmt":"2026-03-05T09:42:13","guid":{"rendered":"https:\/\/behappy.click\/?post_type=product&#038;p=981"},"modified":"2026-03-05T09:42:13","modified_gmt":"2026-03-05T09:42:13","slug":"brosse-vapeur-pour-chat-et-chien","status":"publish","type":"product","link":"https:\/\/behappy.click\/ar\/product\/brosse-vapeur-pour-chat-et-chien\/","title":{"rendered":"Brosse Vapeur pour Chat ET Chien"},"content":{"rendered":"<p>[Brosse \u00e0 vapeur 3 en 1] &#8211; Notre brosse de soin est con\u00e7ue pour enlever la salet\u00e9 et les poils l\u00e2ches du pelage de votre animal tout en offrant un massage apaisant.<br \/>\n[Vapeur puissante] &#8211; Cette brosse de toilettage pour animaux g\u00e9n\u00e8re une vapeur puissante pour d\u00e9tacher efficacement les poils, la salet\u00e9 et les squames. La vapeur douce assure que votre animal reste confortable pendant le toilettage.<br \/>\n[FACILE \u00c0 UTILISER] &#8211; La brosse de retrait des poils d&rsquo;animaux dispose d&rsquo;un interrupteur marche\/arr\u00eat qui chauffe rapidement pour fournir un flux continu de vapeur pour un toilettage efficace. Son design ergonomique offre une prise en main confortable pour que vous puissiez toiletter votre animal pendant de longues p\u00e9riodes sans fatigue.<br \/>\nPORTABLE ET COMPACT &#8211; Cette brosse est portable et compacte pour une utilisation facile \u00e0 la maison.<br \/>\nAmovible et facile \u00e0 nettoyer &#8211; La brosse pour poils d&rsquo;animaux est amovible et facile \u00e0 nettoyer. Les accessoires peuvent \u00eatre lav\u00e9s s\u00e9par\u00e9ment et la brosse elle-m\u00eame peut \u00eatre nettoy\u00e9e avec un chiffon humide pour garantir qu&rsquo;elle reste hygi\u00e9nique et facile \u00e0 utiliser.<br \/>\nDescription du produit :<br \/>\nComprend : 1*peigne pour animaux, 1*c\u00e2ble de donn\u00e9es<br \/>\nMat\u00e9riau : ABS + composants \u00e9lectroniques<br \/>\nBrosse \u00e0 vapeur, Brosse de soin &#8211; Brosse \u00e0 vapeur 3 en 1, Brosse \u00e0 vapeur autonettoyante, Brosse de nettoyage pour poils d&rsquo;animaux avec peigne et bras pivotants \u00e0 360\u00b0, T\u00eates de poils amovibles<\/p>\n","protected":false},"excerpt":{"rendered":"<p>\u0627\u0644\u0643\u0639\u0628\u0629 \u062819\u062f \u0648 \u0632\u0648\u0632 \u0628 35 \u062f \ud83d\ude35\u200d\ud83d\udcab<br \/>\n\u062f\u0644\u0644 \u0642\u0637\u0648\u0633\u0643 \u0648\u0644\u0649 \u0643\u0644\u0628\u0643 \u0628\u0645\u0634\u0637 \u0625\u062d\u062a\u0631\u0627\u0641\u064a \u0628\u062e\u0627\u062e \u0644\u0644\u0628\u062e\u0627\u0631 \u0627\u0644\u062f\u0627\u0641\u064a \u0628\u0634  \u064a\u0636\u0645\u0646\u0644\u0643 \u062a\u0646\u0636\u064a\u0641 \u062f\u0627\u062e\u0644\u064a \u0644\u0641\u0631\u0648\u0629 \u062d\u064a\u0648\u0627\u0646\u0643 \u0627\u0644\u0623\u0644\u064a\u0641 \u2764\ufe0f<br \/>\n\u0628\u0634 \u062a\u0639\u062f\u064a \u0643\u0648\u0645\u0648\u0646\u062f \u062e\u0644\u064a\u0644\u0646\u0627 \u0631\u0642\u0645\u0643 \u0648 \u0639\u0646\u0648\u0627\u0646\u0643 \u2705<br \/>\n\u2705\u0645\u0639\u0627\u0647 \u0634\u0627\u062d\u0646 usb<\/p>","protected":false},"featured_media":982,"comment_status":"open","ping_status":"closed","template":"","meta":[],"product_brand":[],"product_cat":[20,22,36],"product_tag":[],"class_list":{"0":"post-981","1":"product","2":"type-product","3":"status-publish","4":"has-post-thumbnail","6":"product_cat-kids","7":"product_cat-men","8":"product_cat-smart-tech","9":"product_shipping_class-paye","11":"first","12":"instock","13":"taxable","14":"shipping-taxable","15":"purchasable","16":"product-type-simple"},"_links":{"self":[{"href":"https:\/\/behappy.click\/ar\/wp-json\/wp\/v2\/product\/981","targetHints":{"allow":["GET"]}}],"collection":[{"href":"https:\/\/behappy.click\/ar\/wp-json\/wp\/v2\/product"}],"about":[{"href":"https:\/\/behappy.click\/ar\/wp-json\/wp\/v2\/types\/product"}],"replies":[{"embeddable":true,"href":"https:\/\/behappy.click\/ar\/wp-json\/wp\/v2\/comments?post=981"}],"wp:featuredmedia":[{"embeddable":true,"href":"https:\/\/behappy.click\/ar\/wp-json\/wp\/v2\/media\/982"}],"wp:attachment":[{"href":"https:\/\/behappy.click\/ar\/wp-json\/wp\/v2\/media?parent=981"}],"wp:term":[{"taxonomy":"product_brand","embeddable":true,"href":"https:\/\/behappy.click\/ar\/wp-json\/wp\/v2\/product_brand?post=981"},{"taxonomy":"product_cat","embeddable":true,"href":"https:\/\/behappy.click\/ar\/wp-json\/wp\/v2\/product_cat?post=981"},{"taxonomy":"product_tag","embeddable":true,"href":"https:\/\/behappy.click\/ar\/wp-json\/wp\/v2\/product_tag?post=981"}],"curies":[{"name":"wp","href":"https:\/\/api.w.org\/{rel}","templated":true}]}}